{"id":6698,"date":"2017-08-08T00:44:52","date_gmt":"2017-08-08T03:44:52","guid":{"rendered":"https:\/\/playcarmultimidia.com\/site\/?page_id=6698"},"modified":"2018-11-07T13:57:08","modified_gmt":"2018-11-07T15:57:08","slug":"honda","status":"publish","type":"page","link":"https:\/\/playcarmultimidia.com\/site\/honda\/","title":{"rendered":"Honda"},"content":{"rendered":"<p>[vc_row content_width=&#8221;grid&#8221; css=&#8221;.vc_custom_1445526449001{padding-top: 40px !important;padding-bottom: 5px !important;}&#8221;][vc_column offset=&#8221;vc_col-lg-5 vc_col-md-12&#8243;][vc_empty_space height=&#8221;4px&#8221;][vc_single_image image=&#8221;6702&#8243; img_size=&#8221;full&#8221;][vc_empty_space height=&#8221;40px&#8221;][vc_single_image image=&#8221;6703&#8243; img_size=&#8221;full&#8221;][vc_empty_space height=&#8221;40px&#8221;][\/vc_column][vc_column offset=&#8221;vc_col-lg-7 vc_col-md-12&#8243;][vc_column_text]<\/p>\n<h2>Central Multim\u00eddia Honda<\/h2>\n<p>[\/vc_column_text][vc_empty_space height=&#8221;25px&#8221;][vc_column_text]* TV DIGITAL INTEGRADA<br \/>\n* TELA DE 7`<br \/>\n* RESOLU\u00c7\u00c3O DA TELA : 800*480<br \/>\n* TOQUE NA TELA<br \/>\n* ENTRADA USB \/ SD CARD \/ AUX \/ IPOD<br \/>\n* R\u00c1DIO AM\/FM<br \/>\n* BLUETOOTH ( PERMITE FAZER OU ATENDER LIGA\u00c7\u00c3O DE CELULAR PELA CENTRAL MULTIMIDIA )<br \/>\n* MAPA DE GPS : IGO 8.4<br \/>\n* SISTEMA DE GPS : WINCE 6.0<br \/>\n* DVD \/ DVD-R \/ DVD+R \/ DVD-RW \/ DVD+RW \/ CD \/ CD-R \/ CD-RW \/ MP3 \/ MP4 ( DIVX ) \/ VCD \/ SVCD<br \/>\n* CPU ARM11 , VELOCIDADE 600MHZ<br \/>\n* ENTRADA E SA\u00cdDA DE AUDIO\/VIDEO<br \/>\n* 4 CANAIS DE 50WATTS CADA<br \/>\n* LOGOTIPO DA NISSAN<br \/>\n* FUN\u00c7\u00c3O DUAL ZONE:PERMITE VER GPS NA FRENTE E VER DVD NA TELA ATR\u00c1S ( SEMPRE GPS E + 1 FUN\u00c7\u00c3O )<br \/>\n* FUN\u00c7\u00c3O PIP : PERMITE VER 2 IMAGENS NA MESMA TELA ( 1 PEQUENA E 1 GRANDE ) , POR EXEMPLO : VER O DVD NA IMAGEM MAIOR E VER GPS NA MENOR.<br \/>\n* DISQUETEIRA VIRTUAL : GRAVA ATE 6 DISCOS NA MEM\u00d3RIA<br \/>\n* 1 ANO DE GARANTIA[\/vc_column_text][vc_empty_space height=&#8221;25px&#8221;][\/vc_column][\/vc_row][vc_row content_width=&#8221;grid&#8221; content_aligment=&#8221;center&#8221; css=&#8221;.vc_custom_1446112369967{padding-top: 62px !important;padding-bottom: 46px !important;background-image: url(http:\/\/startit.select-themes.com\/wp-content\/uploads\/2015\/10\/About-me-Background-1.jpg?id=305) !important;background-position: center !important;background-repeat: no-repeat !important;background-size: cover !important;}&#8221;][vc_column][vc_text_separator title=&#8221;Descri\u00e7\u00e3o&#8221;][vc_empty_space height=&#8221;15px&#8221;][vc_column_text]* TV DIGITAL INTEGRADA * TELA DE 7` * RESOLU\u00c7\u00c3O DA TELA : 800*480 * TOQUE NA TELA * ENTRADA USB \/ SD CARD \/ AUX \/ IPOD * R\u00c1DIO AM\/FM * BLUETOOTH ( PERMITE FAZER OU ATENDER LIGA\u00c7\u00c3O DE CELULAR PELA CENTRAL MULTIMIDIA ) * MAPA DE GPS : IGO 8.4 * SISTEMA DE GPS : WINCE 6.0 * DVD \/ DVD-R \/ DVD+R \/ DVD-RW \/ DVD+RW \/ CD \/ CD-R \/ CD-RW \/ MP3 \/ MP4 ( DIVX ) \/ VCD \/ SVCD * CPU ARM11 , VELOCIDADE 600MHZ * ENTRADA E SA\u00cdDA DE AUDIO\/VIDEO * 4 CANAIS DE 50WATTS CADA * LOGOTIPO DA NISSAN * FUN\u00c7\u00c3O DUAL ZONE:PERMITE VER GPS NA FRENTE E VER DVD NA TELA ATR\u00c1S ( SEMPRE GPS E + 1 FUN\u00c7\u00c3O ) * FUN\u00c7\u00c3O PIP : PERMITE VER 2 IMAGENS NA MESMA TELA ( 1 PEQUENA E 1 GRANDE ) , POR EXEMPLO : VER O DVD NA IMAGEM MAIOR E VER GPS NA MENOR. * DISQUETEIRA VIRTUAL : GRAVA ATE 6 DISCOS NA MEM\u00d3RIA * 1 ANO DE GARANTIA[\/vc_column_text][vc_empty_space height=&#8221;15px&#8221;][\/vc_column][\/vc_row]<\/p>\n","protected":false},"excerpt":{"rendered":"<p>[vc_row content_width=&#8221;grid&#8221; css=&#8221;.vc_custom_1445526449001{padding-top: 40px !important;padding-bottom: 5px !important;}&#8221;][vc_column offset=&#8221;vc_col-lg-5 vc_col-md-12&#8243;][vc_empty_space height=&#8221;4px&#8221;][vc_single_image image=&#8221;6702&#8243; img_size=&#8221;full&#8221;][vc_empty_space height=&#8221;40px&#8221;][vc_single_image image=&#8221;6703&#8243; img_size=&#8221;full&#8221;][vc_empty_space height=&#8221;40px&#8221;][\/vc_column][vc_column offset=&#8221;vc_col-lg-7 vc_col-md-12&#8243;][vc_column_text] Central Multim\u00eddia Honda [\/vc_column_text][vc_empty_space height=&#8221;25px&#8221;][vc_column_text]* TV DIGITAL INTEGRADA * TELA DE 7` * RESOLU\u00c7\u00c3O DA TELA : 800*480 * TOQUE NA TELA * ENTRADA USB \/ SD&#8230;<\/p>\n","protected":false},"author":1,"featured_media":0,"parent":0,"menu_order":0,"comment_status":"closed","ping_status":"closed","template":"","meta":{"footnotes":"","_links_to":"","_links_to_target":""},"class_list":["post-6698","page","type-page","status-publish","hentry"],"_links":{"self":[{"href":"https:\/\/playcarmultimidia.com\/site\/wp-json\/wp\/v2\/pages\/6698","targetHints":{"allow":["GET"]}}],"collection":[{"href":"https:\/\/playcarmultimidia.com\/site\/wp-json\/wp\/v2\/pages"}],"about":[{"href":"https:\/\/playcarmultimidia.com\/site\/wp-json\/wp\/v2\/types\/page"}],"author":[{"embeddable":true,"href":"https:\/\/playcarmultimidia.com\/site\/wp-json\/wp\/v2\/users\/1"}],"replies":[{"embeddable":true,"href":"https:\/\/playcarmultimidia.com\/site\/wp-json\/wp\/v2\/comments?post=6698"}],"version-history":[{"count":4,"href":"https:\/\/playcarmultimidia.com\/site\/wp-json\/wp\/v2\/pages\/6698\/revisions"}],"predecessor-version":[{"id":6705,"href":"https:\/\/playcarmultimidia.com\/site\/wp-json\/wp\/v2\/pages\/6698\/revisions\/6705"}],"wp:attachment":[{"href":"https:\/\/playcarmultimidia.com\/site\/wp-json\/wp\/v2\/media?parent=6698"}],"curies":[{"name":"wp","href":"https:\/\/api.w.org\/{rel}","templated":true}]}}