{"id":4,"date":"2015-10-20T09:08:03","date_gmt":"2015-10-20T08:08:03","guid":{"rendered":"http:\/\/startit.select-themes.com\/?page_id=4"},"modified":"2025-09-18T23:54:48","modified_gmt":"2025-09-19T02:54:48","slug":"main-home","status":"publish","type":"page","link":"https:\/\/playcarmultimidia.com\/site\/","title":{"rendered":"Main Home"},"content":{"rendered":"<p>[vc_row content_width=&#8221;grid&#8221; content_aligment=&#8221;center&#8221; css=&#8221;.vc_custom_1447693588968{padding-top: 86px !important;padding-bottom: 46px !important;background-color: #ffffff !important;}&#8221; el_class=&#8221;custom-color-row&#8221;][vc_column width=&#8221;1\/2&#8243; offset=&#8221;vc_col-lg-3 vc_col-md-6&#8243;]    <span class=\"qodef-icon-animation-holder\" >\n\n    <span class=\"qodef-icon-shortcode normal qodef-icon-animation\" style=\"width: 72px;height: 72px;line-height: 72px\" data-color=\"#56c5cf\">\n        \n        <i class=\"qodef-icon-font-awesome fa fa-play-circle qodef-icon-element\" style=\"color: #56c5cf;font-size:72px\" ><\/i>\n            <\/span>\n\n    <\/span>\n[vc_empty_space height=&#8221;30px&#8221;][vc_column_text]<\/p>\n<h5>Central Multim\u00eddia<\/h5>\n<p>[\/vc_column_text][vc_empty_space height=&#8221;19px&#8221;][vc_column_text]Comercializamos e instalamos as melhores marcas de Centrais Multim\u00eddia Espec\u00edficas e Universais.[\/vc_column_text][vc_empty_space height=&#8221;50px&#8221;][\/vc_column][vc_column width=&#8221;1\/2&#8243; offset=&#8221;vc_col-lg-3 vc_col-md-6&#8243;]    <span class=\"qodef-icon-animation-holder\" style=\"transition-delay: 200ms;-webkit-transition-delay: 200ms;-moz-transition-delay: 200ms;-ms-transition-delay: 200ms\">\n\n    <span class=\"qodef-icon-shortcode normal qodef-icon-animation\" style=\"width: 72px;height: 72px;line-height: 72px\" data-animation-delay=\"200\" data-color=\"#56c5cf\">\n        \n        <span aria-hidden=\"true\" class=\"qodef-icon-font-elegant icon_image qodef-icon-element\" style=\"color: #56c5cf;font-size:72px\" ><\/span>\n            <\/span>\n\n    <\/span>\n[vc_empty_space height=&#8221;30px&#8221;][vc_column_text]<\/p>\n<h5>Encosto de Cabe\u00e7a<\/h5>\n<p>[\/vc_column_text][vc_empty_space height=&#8221;19px&#8221;][vc_column_text]Encosto de Cabe\u00e7a\u00a0com\u00a0tela\u00a0e Monitor Automotivo. \u00d3timo para trajetos longos com a fam\u00edlia. Confira![\/vc_column_text][vc_empty_space height=&#8221;50px&#8221;][\/vc_column][vc_column width=&#8221;1\/2&#8243; offset=&#8221;vc_col-lg-3 vc_col-md-6&#8243;]    <span class=\"qodef-icon-animation-holder\" style=\"transition-delay: 400ms;-webkit-transition-delay: 400ms;-moz-transition-delay: 400ms;-ms-transition-delay: 400ms\">\n\n    <span class=\"qodef-icon-shortcode normal qodef-icon-animation\" style=\"width: 72px;height: 72px;line-height: 72px\" data-animation-delay=\"400\" data-color=\"#56c5cf\">\n        \n        <i class=\"qodef-icon-font-awesome fa fa-wrench qodef-icon-element\" style=\"color: #56c5cf;font-size:72px\" ><\/i>\n            <\/span>\n\n    <\/span>\n[vc_empty_space height=&#8221;30px&#8221;][vc_column_text]<\/p>\n<h5>Acess\u00f3rios<\/h5>\n<p>[\/vc_column_text][vc_empty_space height=&#8221;19px&#8221;][vc_column_text]Encontre aqui os melhores\u00a0acess\u00f3rios\u00a0internos para seu\u00a0carro\u00a0ficar completo.[\/vc_column_text][vc_empty_space height=&#8221;50px&#8221;][\/vc_column][vc_column width=&#8221;1\/2&#8243; offset=&#8221;vc_col-lg-3 vc_col-md-6&#8243;]    <span class=\"qodef-icon-animation-holder\" style=\"transition-delay: 600ms;-webkit-transition-delay: 600ms;-moz-transition-delay: 600ms;-ms-transition-delay: 600ms\">\n\n    <span class=\"qodef-icon-shortcode normal qodef-icon-animation\" style=\"width: 72px;height: 72px;line-height: 72px\" data-animation-delay=\"600\" data-color=\"#56c5cf\">\n        \n        <i class=\"qodef-icon-font-awesome fa fa-unlock-alt qodef-icon-element\" style=\"color: #56c5cf;font-size:72px\" ><\/i>\n            <\/span>\n\n    <\/span>\n[vc_empty_space height=&#8221;30px&#8221;][vc_column_text]<\/p>\n<h5>Desbloqueio<\/h5>\n<p>[\/vc_column_text][vc_empty_space height=&#8221;19px&#8221;][vc_column_text]Interface, TV digital, TV full HD com USB, Espelhamento, Cam frontal e Cam r\u00e9.[\/vc_column_text][vc_empty_space height=&#8221;50px&#8221;][\/vc_column][\/vc_row][vc_row css=&#8221;.vc_custom_1501802724721{background-color: #56c5cf !important;}&#8221;][vc_column]\r\n\r\n\t<div class=\"qodef-call-to-action normal\">\r\n\r\n\t\t\t\t<div class=\"qodef-container-inner\">\r\n\t\t\t\t\t<div class=\"qodef-call-to-action-row-75-25 clearfix\" style=\"padding: 20px;\">\r\n\t\t\r\n\t\t\t\t<div class=\"qodef-text-wrapper qodef-call-to-action-column1 qodef-call-to-action-cell\">\r\n\r\n\t\t\t\t\r\n\t\t\t\t\t<div class=\"qodef-call-to-action-text\" >\r\n\t\t\t\t\t\t\n<h4>Para maiores detalhes ligue<\/h4>\n\t\t\t\t\t<\/div>\r\n\r\n\t\t\t\t<\/div>\r\n\r\n\t\t\t\t\r\n\t\t\t\t\t<div class=\"qodef-button-wrapper qodef-call-to-action-column2 qodef-call-to-action-cell\" style =\"text-align: right ;\">\r\n\r\n\t\t\t\t\t\t<a href=\"https:\/\/playcarmultimidia.com\/site\/contato\/\" target=\"_self\" style=\"color: #ffffff\" class=\"qodef-btn qodef-btn-medium qodef-btn-solid\"  >        <span class=\"qodef-btn-text\">Solicite Or\u00e7amento<\/span>    <span class=\"qodef-btn-text-icon\"><\/span><\/a>\r\n\t\t\t\t\t<\/div>\r\n\r\n\t\t\t\t\r\n\t\t\t<\/div>\r\n\r\n\t\t\t\t<\/div>\r\n\t\t\r\n\t<\/div>\r\n\r\n[\/vc_column][vc_column]<div id=\"qodef-particles\" class=\"auto\" style=\"background-color: #f8f8f8;\" data-particles-density=\"high\" data-particles-color=\"#c1c1c1\" data-particles-opacity=\"1\" data-particles-size=\"3\" data-speed=\"2\" data-show-lines=\"yes\" data-line-length=\"100\" ><div id=\"qodef-p-particles-container\"><\/div><div class=\"qodef-p-content\"><div class=\"qodef-elements-holder qodef-two-columns qodef-responsive-mode-1024 qodef-one-column-alignment-left\" ><div class=\"qodef-elements-holder-item qodef-vertical-alignment-top qodef-horizontal-alignment-left\" >\r\n\t<div class=\"qodef-elements-holder-item-inner\">\r\n\t\t<div class=\"qodef-elements-holder-item-content qodef-elements-holder-custom-125449\" style=\"padding: 90px 0px 50px 0px\">\r\n\t\t\t\t\t\t<style type=\"text\/css\" data-type=\"qodef-elements-custom-padding\">\r\n\t\t\t\t\t\t\t\t@media only screen and (min-width: 1280px) and (max-width: 1600px) {\r\n\t\t\t\t\t.qodef-elements-holder .qodef-elements-holder-item-content.qodef-elements-holder-custom-125449 {\r\n\t\t\t\t\t\tpadding:  !important;\r\n\t\t\t\t\t}\r\n\t\t\t\t}\r\n\t\t\t\t\t\t\t\t\t\t\t\t\t@media only screen and (min-width: 1024px) and (max-width: 1280px) {\r\n\t\t\t\t\t\t.qodef-elements-holder .qodef-elements-holder-item-content.qodef-elements-holder-custom-125449 {\r\n\t\t\t\t\t\t\tpadding:  !important;\r\n\t\t\t\t\t\t}\r\n\t\t\t\t\t}\r\n\t\t\t\t\t\t\t\t\t\t\t\t@media only screen and (min-width: 768px) and (max-width: 1024px) {\r\n\t\t\t\t\t.qodef-elements-holder .qodef-elements-holder-item-content.qodef-elements-holder-custom-125449 {\r\n\t\t\t\t\t\tpadding:  !important;\r\n\t\t\t\t\t}\r\n\t\t\t\t}\r\n\t\t\t\t\t\t\t\t\t\t\t\t@media only screen and (min-width: 600px) and (max-width: 768px) {\r\n\t\t\t\t\t.qodef-elements-holder .qodef-elements-holder-item-content.qodef-elements-holder-custom-125449 {\r\n\t\t\t\t\t\tpadding:  !important;\r\n\t\t\t\t\t}\r\n\t\t\t\t}\r\n\t\t\t\t\t\t\t\t\t\t\t\t@media only screen and (min-width: 480px) and (max-width: 600px) {\r\n\t\t\t\t\t.qodef-elements-holder .qodef-elements-holder-item-content.qodef-elements-holder-custom-125449 {\r\n\t\t\t\t\t\tpadding:  !important;\r\n\t\t\t\t\t}\r\n\t\t\t\t}\r\n\t\t\t\t\t\t\t\t\t\t\t\t@media only screen and (max-width: 480px) {\r\n\t\t\t\t\t.qodef-elements-holder .qodef-elements-holder-item-content.qodef-elements-holder-custom-125449 {\r\n\t\t\t\t\t\tpadding: 90px 0px 50px 0px !important;\r\n\t\t\t\t\t}\r\n\t\t\t\t}\r\n\t\t\t\t\t\t\t\t<\/style>\r\n\t\t\t\t\t\t[vc_column_text]<\/p>\n<h2>Kit Central Multim\u00eddia<\/h2>\n<p>[\/vc_column_text][vc_empty_space height=&#8221;20px&#8221;][vc_column_text]<\/p>\n<h4>A PlayCar multim\u00eddia oferece diferentes marcas de central multim\u00eddia, para carros nacionais ou importados. O que est\u00e1 esperando? Venha j\u00e1 dar um toque de modernidade no seu carro, e fa\u00e7a j\u00e1 a a instala\u00e7\u00e3o da central multim\u00eddia.<\/h4>\n<p>[\/vc_column_text][vc_empty_space height=&#8221;43px&#8221;]<a href=\"https:\/\/playcarmultimidia.com\/site\/trabalhos-realizados\/\" target=\"_self\"  class=\"qodef-btn qodef-btn-medium qodef-btn-solid qodef-btn-icon\"  >\n        <span class=\"qodef-btn-text\">Conhe\u00e7a<\/span>\n    <span class=\"qodef-btn-text-icon\"><i class=\"qodef-icon-simple-line-icon icon-arrow-right \" ><\/i><\/span>\n<\/a>\t\t<\/div>\r\n\t<\/div>\r\n<\/div><div class=\"qodef-elements-holder-item qodef-vertical-alignment-middle qodef-horizontal-alignment-right\" >\r\n\t<div class=\"qodef-elements-holder-item-inner\">\r\n\t\t<div class=\"qodef-elements-holder-item-content qodef-elements-holder-custom-256115\" style=\"padding: 48px 0px 0px 0px\">\r\n\t\t\t\t\t\t[vc_video link=&#8221;&#8221;][vc_empty_space height=&#8221;43px&#8221;]\t\t<\/div>\r\n\t<\/div>\r\n<\/div><\/div><\/div><\/div>[\/vc_column][\/vc_row][vc_row][vc_column]<div class=\"qodef-fullwidth-slider-holder\"><div class=\"qodef-fullwidth-slider-slides\">\r\n<div class=\"qodef-fullwidth-slider-item\" style=\"background-image: url(https:\/\/playcarmultimidia.com\/site\/wp-content\/uploads\/2015\/10\/backgroud-desbloqueio.jpg)\">\r\n    <div class=\"qodef-fullwidth-slider-item-image-holder-wrapper\">\r\n        <span class=\"qodef-fullwidth-slider-item-image-holder\">\r\n            <img decoding=\"async\" src=\"https:\/\/playcarmultimidia.com\/site\/wp-content\/uploads\/2015\/10\/backgroud-desbloqueio.jpg\" alt=\"qodef-fullwidth-slider\"\/>\r\n        <\/span>\r\n    <\/div>\r\n    <div class=\"qodef-fullwidth-slider-item-content-holder\">\r\n        <div class=\"qodef-fullwidth-slider-item-content-holder-inner\">\r\n            <div class=\"qodef-fullwidth-slider-item-content-wrapper\">\r\n                <div class=\"qodef-fullwidth-slider-item-wrapper-inner\">\r\n                    <div class=\"qodef-fullwidth-slider-item-elements-holder\">\r\n                        <div class=\"qodef-fullwidth-slider-item-title\">\r\n                            <h2>Interface De Desbloqueios<\/h2>\r\n                        <\/div>\r\n                        <div class=\"qodef-fullwidth-slider-item-subtitle\">\r\n                            <h4>Som e V\u00eddeo, Interface de desbloqueios, Desbloqueio de tela<\/h4>\r\n                        <\/div>\r\n                        <div class=\"qodef-fullwidth-slider-item-text\">\r\n                            <p>Que tal revolucionar ainda mais seu carro com o Desbloqueio de V\u00eddeo em Movimento. Amplie as funcionalidades da sua central multim\u00eddia.<\/p>\r\n                        <\/div>\r\n                                                    <div class=\"qodef-fullwidth-slider-item-button\">\r\n                                <a href=\"https:\/\/playcarmultimidia.com\/site\/servicos\/\" target=\"_self\"  class=\"qodef-btn qodef-btn-medium qodef-btn-solid qodef-btn-icon\"  >        <span class=\"qodef-btn-text\">Conhe\u00e7a<\/span>    <span class=\"qodef-btn-text-icon\"><i class=\"qodef-icon-simple-line-icon icon-arrow-right \" ><\/i><\/span><\/a>                            <\/div>\r\n                                            <\/div>\r\n                <\/div>\r\n            <\/div>\r\n        <\/div>\r\n    <\/div>\r\n<\/div><\/div><\/div>[\/vc_column][\/vc_row][vc_row content_width=&#8221;grid&#8221;][vc_column offset=&#8221;vc_col-lg-6 vc_col-md-6&#8243;][vc_empty_space height=&#8221;20px&#8221;][vc_single_image image=&#8221;6927&#8243; img_size=&#8221;large&#8221;][vc_empty_space height=&#8221;20px&#8221;][\/vc_column][vc_column offset=&#8221;vc_col-lg-6 vc_col-md-6&#8243;][vc_empty_space height=&#8221;100px&#8221;][vc_column_text]<\/p>\n<h2>Encosto De Cabe\u00e7a Individual<\/h2>\n<p>[\/vc_column_text][vc_empty_space height=&#8221;20px&#8221;][vc_column_text]<\/p>\n<h4>Venda e instala\u00e7\u00e3o de encosto de cabela com tela, transforme suas viagens com a fam\u00edlia em divers\u00e3o. Temos o modelo ideal para seu carro.<\/h4>\n<p>[\/vc_column_text][vc_empty_space height=&#8221;43px&#8221;]<a href=\"https:\/\/playcarmultimidia.com\/site\/trabalhos-realizados\/\" target=\"_self\"  class=\"qodef-btn qodef-btn-medium qodef-btn-solid qodef-btn-icon\"  >\n        <span class=\"qodef-btn-text\">Conhe\u00e7a<\/span>\n    <span class=\"qodef-btn-text-icon\"><i class=\"qodef-icon-simple-line-icon icon-arrow-right \" ><\/i><\/span>\n<\/a>[vc_empty_space height=&#8221;40px&#8221;][\/vc_column][\/vc_row][vc_row][vc_column]<div class = \"qodef-portfolio-list-holder-outer qodef-ptf-gallery qodef-ptf-four-columns\" data-next-page= 2 data-type= gallery data-columns= four data-order-by= title data-order= ASC data-number= 8 data-filter= no data-filter-order-by= name data-category= marca data-show-load-more= no data-title-tag= h5 data-max-num-pages = 1><div class = \"qodef-portfolio-list-holder clearfix\" ><article class=\"qodef-portfolio-item mix portfolio_category_173\" >\n\t<a class =\"qodef-portfolio-link\" href=\"https:\/\/playcarmultimidia.com\/site\/trabalhos-realizados\/\" target=\"_self\"><\/a>\n\t<div class = \"qodef-item-image-holder\">\n\t<div class=\"qodef-portfolio-shader\"><\/div>\t\n\t<img loading=\"lazy\" decoding=\"async\" width=\"800\" height=\"600\" src=\"https:\/\/playcarmultimidia.com\/site\/wp-content\/uploads\/2016\/07\/223c790f-e824-4bbe-806f-3c19da9bc15e-800x600.jpeg\" class=\"attachment-qode_startit_landscape size-qode_startit_landscape wp-post-image\" alt=\"\" \/>\t\t\t\t\n\t<\/div>\n\t<div class=\"qodef-item-text-overlay\">\n\t\t<div class=\"qodef-item-text-overlay-inner\">\n\t\t\t<div class=\"qodef-item-text-holder\">\n\t\t\t\t<h5 class=\"qodef-item-title\">\n\t\t\t\t\tACESS\u00d3RIOS\t\t\t\t<\/h5>\t\n\t\t\t\t<div class=\"qodef-ptf-category-holder\"><span>marca<\/span><\/div>\t\t\t<\/div>\n\t\t<\/div>\t\n\t<\/div>\n<\/article>\n<article class=\"qodef-portfolio-item mix portfolio_category_173\" >\n\t<a class =\"qodef-portfolio-link\" href=\"https:\/\/playcarmultimidia.com\/site\/trabalhos-realizados\/\" target=\"_self\"><\/a>\n\t<div class = \"qodef-item-image-holder\">\n\t<div class=\"qodef-portfolio-shader\"><\/div>\t\n\t<img loading=\"lazy\" decoding=\"async\" width=\"800\" height=\"600\" src=\"https:\/\/playcarmultimidia.com\/site\/wp-content\/uploads\/2016\/07\/b0d18060-76a7-4258-9725-d59447fb9f75-800x600.jpeg\" class=\"attachment-qode_startit_landscape size-qode_startit_landscape wp-post-image\" alt=\"\" \/>\t\t\t\t\n\t<\/div>\n\t<div class=\"qodef-item-text-overlay\">\n\t\t<div class=\"qodef-item-text-overlay-inner\">\n\t\t\t<div class=\"qodef-item-text-holder\">\n\t\t\t\t<h5 class=\"qodef-item-title\">\n\t\t\t\t\tINSULFIM\t\t\t\t<\/h5>\t\n\t\t\t\t<div class=\"qodef-ptf-category-holder\"><span>marca<\/span><\/div>\t\t\t<\/div>\n\t\t<\/div>\t\n\t<\/div>\n<\/article>\n<article class=\"qodef-portfolio-item mix portfolio_category_173\" >\n\t<a class =\"qodef-portfolio-link\" href=\"https:\/\/playcarmultimidia.com\/site\/trabalhos-realizados\/\" target=\"_self\"><\/a>\n\t<div class = \"qodef-item-image-holder\">\n\t<div class=\"qodef-portfolio-shader\"><\/div>\t\n\t<img loading=\"lazy\" decoding=\"async\" width=\"800\" height=\"600\" src=\"https:\/\/playcarmultimidia.com\/site\/wp-content\/uploads\/2016\/07\/SUNBLOCK-800x600.jpeg\" class=\"attachment-qode_startit_landscape size-qode_startit_landscape wp-post-image\" alt=\"\" \/>\t\t\t\t\n\t<\/div>\n\t<div class=\"qodef-item-text-overlay\">\n\t\t<div class=\"qodef-item-text-overlay-inner\">\n\t\t\t<div class=\"qodef-item-text-holder\">\n\t\t\t\t<h5 class=\"qodef-item-title\">\n\t\t\t\t\tINSULFIM\t\t\t\t<\/h5>\t\n\t\t\t\t<div class=\"qodef-ptf-category-holder\"><span>marca<\/span><\/div>\t\t\t<\/div>\n\t\t<\/div>\t\n\t<\/div>\n<\/article>\n<article class=\"qodef-portfolio-item mix portfolio_category_173\" >\n\t<a class =\"qodef-portfolio-link\" href=\"https:\/\/playcarmultimidia.com\/site\/trabalhos-realizados\/\" target=\"_self\"><\/a>\n\t<div class = \"qodef-item-image-holder\">\n\t<div class=\"qodef-portfolio-shader\"><\/div>\t\n\t<img loading=\"lazy\" decoding=\"async\" width=\"800\" height=\"600\" src=\"https:\/\/playcarmultimidia.com\/site\/wp-content\/uploads\/2016\/07\/76cb7ce9-3de8-4540-8015-3911cf44e0e3-800x600.jpeg\" class=\"attachment-qode_startit_landscape size-qode_startit_landscape wp-post-image\" alt=\"\" srcset=\"https:\/\/playcarmultimidia.com\/site\/wp-content\/uploads\/2016\/07\/76cb7ce9-3de8-4540-8015-3911cf44e0e3-800x600.jpeg 800w, https:\/\/playcarmultimidia.com\/site\/wp-content\/uploads\/2016\/07\/76cb7ce9-3de8-4540-8015-3911cf44e0e3-300x225.jpeg 300w, https:\/\/playcarmultimidia.com\/site\/wp-content\/uploads\/2016\/07\/76cb7ce9-3de8-4540-8015-3911cf44e0e3-768x576.jpeg 768w, https:\/\/playcarmultimidia.com\/site\/wp-content\/uploads\/2016\/07\/76cb7ce9-3de8-4540-8015-3911cf44e0e3-1024x768.jpeg 1024w, https:\/\/playcarmultimidia.com\/site\/wp-content\/uploads\/2016\/07\/76cb7ce9-3de8-4540-8015-3911cf44e0e3.jpeg 1600w\" sizes=\"auto, (max-width: 800px) 100vw, 800px\" \/>\t\t\t\t\n\t<\/div>\n\t<div class=\"qodef-item-text-overlay\">\n\t\t<div class=\"qodef-item-text-overlay-inner\">\n\t\t\t<div class=\"qodef-item-text-holder\">\n\t\t\t\t<h5 class=\"qodef-item-title\">\n\t\t\t\t\tLOJA PLAY CAR\t\t\t\t<\/h5>\t\n\t\t\t\t<div class=\"qodef-ptf-category-holder\"><span>marca<\/span><\/div>\t\t\t<\/div>\n\t\t<\/div>\t\n\t<\/div>\n<\/article>\n<article class=\"qodef-portfolio-item mix portfolio_category_173\" >\n\t<a class =\"qodef-portfolio-link\" href=\"https:\/\/playcarmultimidia.com\/site\/trabalhos-realizados\/\" target=\"_self\"><\/a>\n\t<div class = \"qodef-item-image-holder\">\n\t<div class=\"qodef-portfolio-shader\"><\/div>\t\n\t<img loading=\"lazy\" decoding=\"async\" width=\"800\" height=\"600\" src=\"https:\/\/playcarmultimidia.com\/site\/wp-content\/uploads\/2016\/07\/WhatsApp-Image-2021-11-25-at-11.15.38-800x600.jpeg\" class=\"attachment-qode_startit_landscape size-qode_startit_landscape wp-post-image\" alt=\"\" \/>\t\t\t\t\n\t<\/div>\n\t<div class=\"qodef-item-text-overlay\">\n\t\t<div class=\"qodef-item-text-overlay-inner\">\n\t\t\t<div class=\"qodef-item-text-holder\">\n\t\t\t\t<h5 class=\"qodef-item-title\">\n\t\t\t\t\tMULTIMIDA\t\t\t\t<\/h5>\t\n\t\t\t\t<div class=\"qodef-ptf-category-holder\"><span>marca<\/span><\/div>\t\t\t<\/div>\n\t\t<\/div>\t\n\t<\/div>\n<\/article>\n<article class=\"qodef-portfolio-item mix portfolio_category_173\" >\n\t<a class =\"qodef-portfolio-link\" href=\"https:\/\/playcarmultimidia.com\/site\/trabalhos-realizados\/\" target=\"_self\"><\/a>\n\t<div class = \"qodef-item-image-holder\">\n\t<div class=\"qodef-portfolio-shader\"><\/div>\t\n\t<img loading=\"lazy\" decoding=\"async\" width=\"800\" height=\"600\" src=\"https:\/\/playcarmultimidia.com\/site\/wp-content\/uploads\/2016\/07\/e5c1f6c7-91dd-46b6-982e-6842574adc79-800x600.jpeg\" class=\"attachment-qode_startit_landscape size-qode_startit_landscape wp-post-image\" alt=\"\" \/>\t\t\t\t\n\t<\/div>\n\t<div class=\"qodef-item-text-overlay\">\n\t\t<div class=\"qodef-item-text-overlay-inner\">\n\t\t\t<div class=\"qodef-item-text-holder\">\n\t\t\t\t<h5 class=\"qodef-item-title\">\n\t\t\t\t\tNIMUS MULTIMIDIA\t\t\t\t<\/h5>\t\n\t\t\t\t<div class=\"qodef-ptf-category-holder\"><span>marca<\/span><\/div>\t\t\t<\/div>\n\t\t<\/div>\t\n\t<\/div>\n<\/article>\n<article class=\"qodef-portfolio-item mix portfolio_category_173\" >\n\t<a class =\"qodef-portfolio-link\" href=\"https:\/\/playcarmultimidia.com\/site\/trabalhos-realizados\/\" target=\"_self\"><\/a>\n\t<div class = \"qodef-item-image-holder\">\n\t<div class=\"qodef-portfolio-shader\"><\/div>\t\n\t<img loading=\"lazy\" decoding=\"async\" width=\"600\" height=\"472\" src=\"https:\/\/playcarmultimidia.com\/site\/wp-content\/uploads\/2017\/08\/01_1_1_1_1_146.jpg\" class=\"attachment-qode_startit_landscape size-qode_startit_landscape wp-post-image\" alt=\"\" srcset=\"https:\/\/playcarmultimidia.com\/site\/wp-content\/uploads\/2017\/08\/01_1_1_1_1_146.jpg 600w, https:\/\/playcarmultimidia.com\/site\/wp-content\/uploads\/2017\/08\/01_1_1_1_1_146-300x236.jpg 300w\" sizes=\"auto, (max-width: 600px) 100vw, 600px\" \/>\t\t\t\t\n\t<\/div>\n\t<div class=\"qodef-item-text-overlay\">\n\t\t<div class=\"qodef-item-text-overlay-inner\">\n\t\t\t<div class=\"qodef-item-text-holder\">\n\t\t\t\t<h5 class=\"qodef-item-title\">\n\t\t\t\t\tPERSONALIZA\u00c7\u00c3O\t\t\t\t<\/h5>\t\n\t\t\t\t<div class=\"qodef-ptf-category-holder\"><span>marca<\/span><\/div>\t\t\t<\/div>\n\t\t<\/div>\t\n\t<\/div>\n<\/article>\n<article class=\"qodef-portfolio-item mix portfolio_category_173\" >\n\t<a class =\"qodef-portfolio-link\" href=\"https:\/\/playcarmultimidia.com\/site\/trabalhos-realizados\/\" target=\"_self\"><\/a>\n\t<div class = \"qodef-item-image-holder\">\n\t<div class=\"qodef-portfolio-shader\"><\/div>\t\n\t<img loading=\"lazy\" decoding=\"async\" width=\"800\" height=\"600\" src=\"https:\/\/playcarmultimidia.com\/site\/wp-content\/uploads\/2016\/07\/46e9079f-3af9-48ca-a994-b44f4a597cb0-800x600.jpeg\" class=\"attachment-qode_startit_landscape size-qode_startit_landscape wp-post-image\" alt=\"\" \/>\t\t\t\t\n\t<\/div>\n\t<div class=\"qodef-item-text-overlay\">\n\t\t<div class=\"qodef-item-text-overlay-inner\">\n\t\t\t<div class=\"qodef-item-text-holder\">\n\t\t\t\t<h5 class=\"qodef-item-title\">\n\t\t\t\t\tTECNOLOGIA OLED\t\t\t\t<\/h5>\t\n\t\t\t\t<div class=\"qodef-ptf-category-holder\"><span>marca<\/span><\/div>\t\t\t<\/div>\n\t\t<\/div>\t\n\t<\/div>\n<\/article>\n<\/div><\/div>[\/vc_column][\/vc_row][vc_row css=&#8221;.vc_custom_1446108194203{background-image: url(http:\/\/startit.select-themes.com\/wp-content\/uploads\/2015\/10\/call-to-action-home-main.png?id=174) !important;background-position: center !important;background-repeat: no-repeat !important;background-size: cover !important;}&#8221;][vc_column]\r\n\r\n\t<div class=\"qodef-call-to-action normal\">\r\n\r\n\t\t\t\t<div class=\"qodef-container-inner\">\r\n\t\t\t\t\t<div class=\"qodef-call-to-action-row-75-25 clearfix\" style=\"padding: 54px 0px;\">\r\n\t\t\r\n\t\t\t\t<div class=\"qodef-text-wrapper qodef-call-to-action-column1 qodef-call-to-action-cell\">\r\n\r\n\t\t\t\t\r\n\t\t\t\t\t<div class=\"qodef-call-to-action-text\" >\r\n\t\t\t\t\t\t\n<h4><span style=\"color: #ffffff;\">N\u00e3o encontrou o que procura?<\/span><\/h4>\n\t\t\t\t\t<\/div>\r\n\r\n\t\t\t\t<\/div>\r\n\r\n\t\t\t\t\r\n\t\t\t\t\t<div class=\"qodef-button-wrapper qodef-call-to-action-column2 qodef-call-to-action-cell\" style =\"text-align: right ;\">\r\n\r\n\t\t\t\t\t\t<a href=\"https:\/\/playcarmultimidia.com\/site\/contato\/\" target=\"_self\" style=\"color: #ffffff;border-color: rgba(255,255,255,0.5)\" class=\"qodef-btn qodef-btn-medium qodef-btn-outline qodef-btn-custom-border-hover qodef-btn-custom-hover-color qodef-btn-icon\" data-hover-color=\"#ffffff\" data-hover-border-color=\"rgba(255,255,255,0.5)\" >        <span class=\"qodef-btn-text\">Solicite aqui<\/span>    <span class=\"qodef-btn-text-icon\"><i class=\"qodef-icon-simple-line-icon icon-arrow-right-circle \" ><\/i><\/span><\/a>\r\n\t\t\t\t\t<\/div>\r\n\r\n\t\t\t\t\r\n\t\t\t<\/div>\r\n\r\n\t\t\t\t<\/div>\r\n\t\t\r\n\t<\/div>\r\n\r\n[\/vc_column][\/vc_row]<\/p>\n","protected":false},"excerpt":{"rendered":"<p>[vc_row content_width=&#8221;grid&#8221; content_aligment=&#8221;center&#8221; css=&#8221;.vc_custom_1447693588968{padding-top: 86px !important;padding-bottom: 46px !important;background-color: #ffffff !important;}&#8221; el_class=&#8221;custom-color-row&#8221;][vc_column width=&#8221;1\/2&#8243; offset=&#8221;vc_col-lg-3 vc_col-md-6&#8243;][vc_empty_space height=&#8221;30px&#8221;][vc_column_text] Central Multim\u00eddia [\/vc_column_text][vc_empty_space height=&#8221;19px&#8221;][vc_column_text]Comercializamos e instalamos as melhores marcas de Centrais Multim\u00eddia Espec\u00edficas e Universais.[\/vc_column_text][vc_empty_space height=&#8221;50px&#8221;][\/vc_column][vc_column width=&#8221;1\/2&#8243; offset=&#8221;vc_col-lg-3 vc_col-md-6&#8243;][vc_empty_space height=&#8221;30px&#8221;][vc_column_text] Encosto de Cabe\u00e7a [\/vc_column_text][vc_empty_space height=&#8221;19px&#8221;][vc_column_text]Encosto de Cabe\u00e7a\u00a0com\u00a0tela\u00a0e Monitor Automotivo. \u00d3timo&#8230;<\/p>\n","protected":false},"author":1,"featured_media":0,"parent":0,"menu_order":0,"comment_status":"closed","ping_status":"closed","template":"full-width.php","meta":{"footnotes":"","_links_to":"","_links_to_target":""},"class_list":["post-4","page","type-page","status-publish","hentry"],"_links":{"self":[{"href":"https:\/\/playcarmultimidia.com\/site\/wp-json\/wp\/v2\/pages\/4","targetHints":{"allow":["GET"]}}],"collection":[{"href":"https:\/\/playcarmultimidia.com\/site\/wp-json\/wp\/v2\/pages"}],"about":[{"href":"https:\/\/playcarmultimidia.com\/site\/wp-json\/wp\/v2\/types\/page"}],"author":[{"embeddable":true,"href":"https:\/\/playcarmultimidia.com\/site\/wp-json\/wp\/v2\/users\/1"}],"replies":[{"embeddable":true,"href":"https:\/\/playcarmultimidia.com\/site\/wp-json\/wp\/v2\/comments?post=4"}],"version-history":[{"count":64,"href":"https:\/\/playcarmultimidia.com\/site\/wp-json\/wp\/v2\/pages\/4\/revisions"}],"predecessor-version":[{"id":6945,"href":"https:\/\/playcarmultimidia.com\/site\/wp-json\/wp\/v2\/pages\/4\/revisions\/6945"}],"wp:attachment":[{"href":"https:\/\/playcarmultimidia.com\/site\/wp-json\/wp\/v2\/media?parent=4"}],"curies":[{"name":"wp","href":"https:\/\/api.w.org\/{rel}","templated":true}]}}